{"id":878,"date":"2023-10-25T20:10:57","date_gmt":"2023-10-25T20:10:57","guid":{"rendered":"https:\/\/gsma.edu.co\/?page_id=878"},"modified":"2025-04-26T17:48:01","modified_gmt":"2025-04-26T22:48:01","slug":"formacion-artistica","status":"publish","type":"page","link":"https:\/\/gsma.edu.co\/index.php\/formacion-artistica\/","title":{"rendered":"Formaci\u00f3n art\u00edstica"},"content":{"rendered":"\t\t<div data-elementor-type=\"wp-page\" data-elementor-id=\"878\" class=\"elementor elementor-878\" data-elementor-post-type=\"page\">\n\t\t\t\t\t\t\t\t\t<section class=\"elementor-section elementor-top-section elementor-element elementor-element-f9f731a elementor-section-boxed elementor-section-height-default elementor-section-height-default\" data-id=\"f9f731a\" data-element_type=\"section\">\n\t\t\t\t\t\t<div class=\"elementor-container elementor-column-gap-default\">\n\t\t\t\t\t<div class=\"elementor-column elementor-col-16 elementor-top-column elementor-element elementor-element-63959d7\" data-id=\"63959d7\" data-element_type=\"column\">\n\t\t\t<div class=\"elementor-widget-wrap\">\n\t\t\t\t\t\t\t\t\t<\/div>\n\t\t<\/div>\n\t\t\t\t<div class=\"elementor-column elementor-col-66 elementor-top-column elementor-element elementor-element-b4b75e5\" data-id=\"b4b75e5\" data-element_type=\"column\">\n\t\t\t<div class=\"elementor-widget-wrap elementor-element-populated\">\n\t\t\t\t\t\t\t\t<div class=\"elementor-element elementor-element-72074b4 elementor-invisible elementor-widget elementor-widget-theme-site-logo elementor-widget-image\" data-id=\"72074b4\" data-element_type=\"widget\" data-settings=\"{&quot;_animation&quot;:&quot;bounceInDown&quot;}\" data-widget_type=\"theme-site-logo.default\">\n\t\t\t\t<div class=\"elementor-widget-container\">\n\t\t\t<style>\/*! elementor - v3.18.0 - 20-12-2023 *\/\n.elementor-widget-image{text-align:center}.elementor-widget-image a{display:inline-block}.elementor-widget-image a img[src$=\".svg\"]{width:48px}.elementor-widget-image img{vertical-align:middle;display:inline-block}<\/style>\t\t\t\t\t\t\t\t<a href=\"https:\/\/gsma.edu.co\">\n\t\t\t<img decoding=\"async\" width=\"150\" height=\"150\" src=\"https:\/\/gsma.edu.co\/wp-content\/uploads\/2023\/01\/LOGO-150x150.png\" class=\"attachment-thumbnail size-thumbnail wp-image-435\" alt=\"\" \/>\t\t\t\t<\/a>\n\t\t\t\t\t\t\t\t\t\t\t<\/div>\n\t\t\t\t<\/div>\n\t\t\t\t\t<\/div>\n\t\t<\/div>\n\t\t\t\t<div class=\"elementor-column elementor-col-16 elementor-top-column elementor-element elementor-element-0b44579\" data-id=\"0b44579\" data-element_type=\"column\">\n\t\t\t<div class=\"elementor-widget-wrap\">\n\t\t\t\t\t\t\t\t\t<\/div>\n\t\t<\/div>\n\t\t\t\t\t\t\t<\/div>\n\t\t<\/section>\n\t\t\t\t<section class=\"elementor-section elementor-top-section elementor-element elementor-element-96c681e elementor-section-boxed elementor-section-height-default elementor-section-height-default\" data-id=\"96c681e\" data-element_type=\"section\">\n\t\t\t\t\t\t<div class=\"elementor-container elementor-column-gap-default\">\n\t\t\t\t\t<div class=\"elementor-column elementor-col-100 elementor-top-column elementor-element elementor-element-f81fce0\" data-id=\"f81fce0\" data-element_type=\"column\">\n\t\t\t<div class=\"elementor-widget-wrap elementor-element-populated\">\n\t\t\t\t\t\t\t\t<div class=\"elementor-element elementor-element-e651fb1 elementor-widget elementor-widget-spacer\" data-id=\"e651fb1\" data-element_type=\"widget\" data-widget_type=\"spacer.default\">\n\t\t\t\t<div class=\"elementor-widget-container\">\n\t\t\t<style>\/*! elementor - v3.18.0 - 20-12-2023 *\/\n.elementor-column .elementor-spacer-inner{height:var(--spacer-size)}.e-con{--container-widget-width:100%}.e-con-inner>.elementor-widget-spacer,.e-con>.elementor-widget-spacer{width:var(--container-widget-width,var(--spacer-size));--align-self:var(--container-widget-align-self,initial);--flex-shrink:0}.e-con-inner>.elementor-widget-spacer>.elementor-widget-container,.e-con>.elementor-widget-spacer>.elementor-widget-container{height:100%;width:100%}.e-con-inner>.elementor-widget-spacer>.elementor-widget-container>.elementor-spacer,.e-con>.elementor-widget-spacer>.elementor-widget-container>.elementor-spacer{height:100%}.e-con-inner>.elementor-widget-spacer>.elementor-widget-container>.elementor-spacer>.elementor-spacer-inner,.e-con>.elementor-widget-spacer>.elementor-widget-container>.elementor-spacer>.elementor-spacer-inner{height:var(--container-widget-height,var(--spacer-size))}.e-con-inner>.elementor-widget-spacer.elementor-widget-empty,.e-con>.elementor-widget-spacer.elementor-widget-empty{position:relative;min-height:22px;min-width:22px}.e-con-inner>.elementor-widget-spacer.elementor-widget-empty .elementor-widget-empty-icon,.e-con>.elementor-widget-spacer.elementor-widget-empty .elementor-widget-empty-icon{position:absolute;top:0;bottom:0;left:0;right:0;margin:auto;padding:0;width:22px;height:22px}<\/style>\t\t<div class=\"elementor-spacer\">\n\t\t\t<div class=\"elementor-spacer-inner\"><\/div>\n\t\t<\/div>\n\t\t\t\t<\/div>\n\t\t\t\t<\/div>\n\t\t\t\t<div class=\"elementor-element elementor-element-78f8c2c elementor-widget elementor-widget-heading\" data-id=\"78f8c2c\" data-element_type=\"widget\" data-widget_type=\"heading.default\">\n\t\t\t\t<div class=\"elementor-widget-container\">\n\t\t\t<style>\/*! elementor - v3.18.0 - 20-12-2023 *\/\n.elementor-heading-title{padding:0;margin:0;line-height:1}.elementor-widget-heading .elementor-heading-title[class*=elementor-size-]>a{color:inherit;font-size:inherit;line-height:inherit}.elementor-widget-heading .elementor-heading-title.elementor-size-small{font-size:15px}.elementor-widget-heading .elementor-heading-title.elementor-size-medium{font-size:19px}.elementor-widget-heading .elementor-heading-title.elementor-size-large{font-size:29px}.elementor-widget-heading .elementor-heading-title.elementor-size-xl{font-size:39px}.elementor-widget-heading .elementor-heading-title.elementor-size-xxl{font-size:59px}<\/style><h2 class=\"elementor-heading-title elementor-size-default\">Formaci\u00f3n art\u00edstica<\/h2>\t\t<\/div>\n\t\t\t\t<\/div>\n\t\t\t\t\t<\/div>\n\t\t<\/div>\n\t\t\t\t\t\t\t<\/div>\n\t\t<\/section>\n\t\t\t\t<section class=\"elementor-section elementor-top-section elementor-element elementor-element-37102fb elementor-section-boxed elementor-section-height-default elementor-section-height-default\" data-id=\"37102fb\" data-element_type=\"section\">\n\t\t\t\t\t\t<div class=\"elementor-container elementor-column-gap-default\">\n\t\t\t\t\t<div class=\"elementor-column elementor-col-16 elementor-top-column elementor-element elementor-element-ed423c9\" data-id=\"ed423c9\" data-element_type=\"column\">\n\t\t\t<div class=\"elementor-widget-wrap\">\n\t\t\t\t\t\t\t\t\t<\/div>\n\t\t<\/div>\n\t\t\t\t<div class=\"elementor-column elementor-col-66 elementor-top-column elementor-element elementor-element-ea7c2e6\" data-id=\"ea7c2e6\" data-element_type=\"column\">\n\t\t\t<div class=\"elementor-widget-wrap elementor-element-populated\">\n\t\t\t\t\t\t\t\t<div class=\"elementor-element elementor-element-1131202 elementor-widget elementor-widget-text-editor\" data-id=\"1131202\" data-element_type=\"widget\" data-widget_type=\"text-editor.default\">\n\t\t\t\t<div class=\"elementor-widget-container\">\n\t\t\t<style>\/*! elementor - v3.18.0 - 20-12-2023 *\/\n.elementor-widget-text-editor.elementor-drop-cap-view-stacked .elementor-drop-cap{background-color:#69727d;color:#fff}.elementor-widget-text-editor.elementor-drop-cap-view-framed .elementor-drop-cap{color:#69727d;border:3px solid;background-color:transparent}.elementor-widget-text-editor:not(.elementor-drop-cap-view-default) .elementor-drop-cap{margin-top:8px}.elementor-widget-text-editor:not(.elementor-drop-cap-view-default) .elementor-drop-cap-letter{width:1em;height:1em}.elementor-widget-text-editor .elementor-drop-cap{float:left;text-align:center;line-height:1;font-size:50px}.elementor-widget-text-editor .elementor-drop-cap-letter{display:inline-block}<\/style>\t\t\t\t<p>En nuestro colegio, celebramos la creatividad y el arte como formas de expresi\u00f3n poderosas y significativas. Nuestros programas art\u00edsticos est\u00e1n dise\u00f1ados para inspirar, nutrir y desarrollar el talento art\u00edstico de nuestros estudiantes, mientras honramos los valores cat\u00f3licos que fundamentan nuestra educaci\u00f3n.<\/p>\n<p>En el Gimnasio Santa Mar\u00eda, entendemos que el arte va m\u00e1s all\u00e1 de la t\u00e9cnica; es una forma de explorar el mundo, expresar emociones y conectar con los dem\u00e1s. Nuestra oferta educativa en arte proporciona un espacio donde los estudiantes pueden descubrir su propia voz creativa y desarrollar habilidades que les servir\u00e1n de por vida.<\/p>\n<p><strong>\u00bfQu\u00e9 ofrecemos en nuestra formaci\u00f3n art\u00edstica?<\/strong><\/p>\n<ul>\n<li><strong>Exploraci\u00f3n Creativa:<\/strong> Nuestros programas abarcan diversas disciplinas art\u00edsticas, desde pintura y escultura hasta m\u00fasica, danza y teatro, fomentando la exploraci\u00f3n y la experimentaci\u00f3n.<\/li>\n<li><strong>Inspiraci\u00f3n Basada en Valores:<\/strong> Guiamos a nuestros estudiantes para que encuentren inspiraci\u00f3n en los valores cat\u00f3licos, infundiendo su creatividad con compasi\u00f3n, empat\u00eda y respeto.<\/li>\n<li><strong>Desarrollo de Talento:<\/strong> Nuestros educadores expertos trabajan con los estudiantes individualmente para desarrollar y mejorar sus habilidades art\u00edsticas, alentando su crecimiento y confianza en s\u00ed mismos.<\/li>\n<li><strong>Experiencias Significativas:<\/strong> A trav\u00e9s de presentaciones, exposiciones y participaci\u00f3n en eventos art\u00edsticos, ofrecemos oportunidades para que los estudiantes compartan su arte y creen impacto en la comunidad.<\/li>\n<\/ul>\n<p>En el Gimnasio Santa Mar\u00eda, creemos en el poder transformador del arte y en su capacidad para enriquecer vidas. \u00danete a nosotros para inspirar y nutrir el alma art\u00edstica de tu hijo\/a.<\/p>\n<p>\u00a1Cont\u00e1ctanos hoy para conocer m\u00e1s sobre nuestra oferta educativa en arte en el Gimnasio Santa Mar\u00eda&nbsp;del&nbsp;Alc\u00e1zar!<\/p>\t\t\t\t\t\t<\/div>\n\t\t\t\t<\/div>\n\t\t\t\t\t<\/div>\n\t\t<\/div>\n\t\t\t\t<div class=\"elementor-column elementor-col-16 elementor-top-column elementor-element elementor-element-4eba0d6\" data-id=\"4eba0d6\" data-element_type=\"column\">\n\t\t\t<div class=\"elementor-widget-wrap\">\n\t\t\t\t\t\t\t\t\t<\/div>\n\t\t<\/div>\n\t\t\t\t\t\t\t<\/div>\n\t\t<\/section>\n\t\t\t\t<section class=\"elementor-section elementor-top-section elementor-element elementor-element-20051ed elementor-section-full_width elementor-section-height-default elementor-section-height-default\" data-id=\"20051ed\" data-element_type=\"section\" data-settings=\"{&quot;background_background&quot;:&quot;gradient&quot;}\">\n\t\t\t\t\t\t<div class=\"elementor-container elementor-column-gap-default\">\n\t\t\t\t\t<div class=\"elementor-column elementor-col-100 elementor-top-column elementor-element elementor-element-bb7c7e7\" data-id=\"bb7c7e7\" data-element_type=\"column\">\n\t\t\t<div class=\"elementor-widget-wrap elementor-element-populated\">\n\t\t\t\t\t\t\t\t<div class=\"elementor-element elementor-element-4c618b5 elementor-arrows-position-inside elementor-widget elementor-widget-image-carousel\" data-id=\"4c618b5\" data-element_type=\"widget\" data-settings=\"{&quot;slides_to_show&quot;:&quot;4&quot;,&quot;navigation&quot;:&quot;arrows&quot;,&quot;autoplay_speed&quot;:4000,&quot;speed&quot;:400,&quot;_animation&quot;:&quot;none&quot;,&quot;autoplay&quot;:&quot;yes&quot;,&quot;pause_on_hover&quot;:&quot;yes&quot;,&quot;pause_on_interaction&quot;:&quot;yes&quot;,&quot;infinite&quot;:&quot;yes&quot;}\" data-widget_type=\"image-carousel.default\">\n\t\t\t\t<div class=\"elementor-widget-container\">\n\t\t\t<style>\/*! elementor - v3.18.0 - 20-12-2023 *\/\n.elementor-widget-image-carousel .swiper,.elementor-widget-image-carousel .swiper-container{position:static}.elementor-widget-image-carousel .swiper-container .swiper-slide figure,.elementor-widget-image-carousel .swiper .swiper-slide figure{line-height:inherit}.elementor-widget-image-carousel .swiper-slide{text-align:center}.elementor-image-carousel-wrapper:not(.swiper-container-initialized):not(.swiper-initialized) .swiper-slide{max-width:calc(100% \/ var(--e-image-carousel-slides-to-show, 3))}<\/style>\t\t<div class=\"elementor-image-carousel-wrapper swiper-container\" dir=\"ltr\">\n\t\t\t<div class=\"elementor-image-carousel swiper-wrapper\" aria-live=\"off\">\n\t\t\t\t\t\t\t\t<div class=\"swiper-slide\" role=\"group\" aria-roledescription=\"slide\" aria-label=\"1 of 5\"><figure class=\"swiper-slide-inner\"><img decoding=\"async\" class=\"swiper-slide-image\" src=\"https:\/\/gsma.edu.co\/wp-content\/uploads\/2024\/04\/n2-80.jpg\" alt=\"n2-80\" \/><\/figure><\/div><div class=\"swiper-slide\" role=\"group\" aria-roledescription=\"slide\" aria-label=\"2 of 5\"><figure class=\"swiper-slide-inner\"><img decoding=\"async\" class=\"swiper-slide-image\" src=\"https:\/\/gsma.edu.co\/wp-content\/uploads\/2024\/04\/n8-80.jpg\" alt=\"n8-80\" \/><\/figure><\/div><div class=\"swiper-slide\" role=\"group\" aria-roledescription=\"slide\" aria-label=\"3 of 5\"><figure class=\"swiper-slide-inner\"><img decoding=\"async\" class=\"swiper-slide-image\" src=\"https:\/\/gsma.edu.co\/wp-content\/uploads\/2024\/04\/B8-80.jpg\" alt=\"B8-80\" \/><\/figure><\/div><div class=\"swiper-slide\" role=\"group\" aria-roledescription=\"slide\" aria-label=\"4 of 5\"><figure class=\"swiper-slide-inner\"><img decoding=\"async\" class=\"swiper-slide-image\" src=\"https:\/\/gsma.edu.co\/wp-content\/uploads\/2024\/04\/n5-80.jpg\" alt=\"n5-80\" \/><\/figure><\/div><div class=\"swiper-slide\" role=\"group\" aria-roledescription=\"slide\" aria-label=\"5 of 5\"><figure class=\"swiper-slide-inner\"><img decoding=\"async\" class=\"swiper-slide-image\" src=\"https:\/\/gsma.edu.co\/wp-content\/uploads\/2024\/04\/n1-80.jpg\" alt=\"n1-80\" \/><\/figure><\/div>\t\t\t<\/div>\n\t\t\t\t\t\t\t\t\t\t\t\t<div class=\"elementor-swiper-button elementor-swiper-button-prev\" role=\"button\" tabindex=\"0\">\n\t\t\t\t\t\t<i aria-hidden=\"true\" class=\"eicon-chevron-left\"><\/i>\t\t\t\t\t<\/div>\n\t\t\t\t\t<div class=\"elementor-swiper-button elementor-swiper-button-next\" role=\"button\" tabindex=\"0\">\n\t\t\t\t\t\t<i aria-hidden=\"true\" class=\"eicon-chevron-right\"><\/i>\t\t\t\t\t<\/div>\n\t\t\t\t\n\t\t\t\t\t\t\t\t\t<\/div>\n\t\t\t\t<\/div>\n\t\t\t\t<\/div>\n\t\t\t\t\t<\/div>\n\t\t<\/div>\n\t\t\t\t\t\t\t<\/div>\n\t\t<\/section>\n\t\t\t\t\t\t\t<\/div>\n\t\t","protected":false},"excerpt":{"rendered":"<p>Formaci\u00f3n art\u00edstica En nuestro colegio, celebramos la creatividad y el arte como formas de expresi\u00f3n poderosas y significativas. Nuestros programas art\u00edsticos est\u00e1n dise\u00f1ados para inspirar, nutrir y desarrollar el talento art\u00edstico de nuestros estudiantes, mientras honramos los valores cat\u00f3licos que fundamentan nuestra educaci\u00f3n. En el Gimnasio Santa Mar\u00eda, entendemos que el arte va m\u00e1s all\u00e1 [&hellip;]<\/p>\n","protected":false},"author":1,"featured_media":0,"parent":0,"menu_order":0,"comment_status":"closed","ping_status":"closed","template":"elementor_canvas","meta":{"_monsterinsights_skip_tracking":false,"_monsterinsights_sitenote_active":false,"_monsterinsights_sitenote_note":"","_monsterinsights_sitenote_category":0,"footnotes":""},"class_list":["post-878","page","type-page","status-publish","hentry"],"_links":{"self":[{"href":"https:\/\/gsma.edu.co\/index.php\/wp-json\/wp\/v2\/pages\/878","targetHints":{"allow":["GET"]}}],"collection":[{"href":"https:\/\/gsma.edu.co\/index.php\/wp-json\/wp\/v2\/pages"}],"about":[{"href":"https:\/\/gsma.edu.co\/index.php\/wp-json\/wp\/v2\/types\/page"}],"author":[{"embeddable":true,"href":"https:\/\/gsma.edu.co\/index.php\/wp-json\/wp\/v2\/users\/1"}],"replies":[{"embeddable":true,"href":"https:\/\/gsma.edu.co\/index.php\/wp-json\/wp\/v2\/comments?post=878"}],"version-history":[{"count":11,"href":"https:\/\/gsma.edu.co\/index.php\/wp-json\/wp\/v2\/pages\/878\/revisions"}],"predecessor-version":[{"id":2316,"href":"https:\/\/gsma.edu.co\/index.php\/wp-json\/wp\/v2\/pages\/878\/revisions\/2316"}],"wp:attachment":[{"href":"https:\/\/gsma.edu.co\/index.php\/wp-json\/wp\/v2\/media?parent=878"}],"curies":[{"name":"wp","href":"https:\/\/api.w.org\/{rel}","templated":true}]}}